{"id":2,"date":"2023-10-27T22:00:06","date_gmt":"2023-10-27T22:00:06","guid":{"rendered":"http:\/\/sorgenfreireisen.bellmado.de\/?page_id=2"},"modified":"2023-11-09T11:55:05","modified_gmt":"2023-11-09T11:55:05","slug":"impressum","status":"publish","type":"page","link":"https:\/\/sorgenfreireisen.bellmado.de\/?page_id=2","title":{"rendered":"Impressum"},"content":{"rendered":"\t\t<div data-elementor-type=\"wp-page\" data-elementor-id=\"2\" class=\"elementor elementor-2\" data-elementor-post-type=\"page\">\n\t\t\t\t<div class=\"elementor-element elementor-element-604a6847 e-con-full e-flex e-con e-parent\" data-id=\"604a6847\" data-element_type=\"container\" data-e-type=\"container\">\n\t\t\t\t<div class=\"elementor-element elementor-element-3aba793a elementor-widget elementor-widget-text-editor\" data-id=\"3aba793a\" data-element_type=\"widget\" data-e-type=\"widget\" data-widget_type=\"text-editor.default\">\n\t\t\t\t<div class=\"elementor-widget-container\">\n\t\t\t\t\t\t\t\t\t\n<h5>Angaben gem\u00e4\u00df \u00a7 5 TMG<\/h5>\n<p><strong>Bellmado \u2013 Tourismus Agentur<br \/><\/strong>Maik &amp; Dorina Reschke GbR<br \/>Am Wiesengrund 84<br \/>23936 Neu Degtow\/Grevesm\u00fchlen<br \/>Deutschland<\/p>\n<h5><strong>Vertreten durch die Gesellschafter:<\/strong><\/h5>\n<p>Maik Reschke und\u00a0Dorina Reschke<\/p>\n<p><strong>Kontakt:<br \/><\/strong>Telefon: +49 (0) 3881 7585458<br \/>Telefax: +49 (0) 3881 7585459<br \/>E-Mail:<a href=\"mailto:info@bellmado.de\">info(at)bellmado.de<\/a><\/p>\n<p><b>Umsatzsteuer-<br \/><\/b><b>Identifikationsnummer:<\/b><\/p>\n<p><b>D<\/b>E32576843329<\/p>\n<h5>Betriebs-Berufshaftpflichtversicherung<\/h5>\n<p>Allianz Versicherungs-Aktiengesellschaft<br \/>VS-NR.: AS-9055043589<\/p>\n<h5>Verantwortlich f\u00fcr den Inhalt nach \u00a7 55 Abs. 2 RStV<\/h5>\n<p>Maik und Dorina Reschke<br \/>Am Wiesengrund 84<br \/>23936 Neu Degtow\/Grevesm\u00fchlen<br \/>E-Mail: info(at)bellmao.com<\/p>\n<h5>Konzept, Gestaltung, Programmierung, Redaktion<\/h5>\n<p>\u00a9 2020 Bellmado-Tourismus Agentur<\/p>\n<p>www.bellmado.com<\/p>\n<p><b><a href=\"https:\/\/bellmado.com\/bildnachweis\/\" target=\"_blank\" rel=\"noopener\">Bildnachweis<\/a>\u00a0( Link)<\/b><\/p>\n<p>Headerbilder: Sonnenaufgang\/Photo by Camille Minou on Unsplash Happy People\/Photoby Bell Co on Pixels<\/p>\n<p>Alle anderen Bilder:<br \/>Vom Bellmado-Team und Betreibern von Instagram-Accounts mit Einverst\u00e4ndnis und Namensnennung wie jeweils gew\u00fcnscht.<br \/>Hier gibt es einen dezidierten Bildnachweis mit den Urheber-Informationen f\u00fcr die Bilder, die auf unserer Webseite zu finden sind:\u00a0<a href=\"https:\/\/bellmado.com\/bildnachweis\/\">Bildnachweis<\/a><\/p>\n<p>Inhalte:<br \/>Alle Angebote freibleibend, Irrt\u00fcmer &amp; \u00c4nderungen vorbehalten. Wir behalten es uns ausdr\u00fccklich vor, Teile der Seiten oder das gesamte Angebot ohne gesonderte Ank\u00fcndigung zu ver\u00e4ndern, zu erg\u00e4nzen, zu l\u00f6schen oder die Ver\u00f6ffentlichung zeitweise oder endg\u00fcltig einzustellen.<\/p>\n<h5>Haftungsausschluss (Disclaimer)<\/h5>\n<p><strong>Haftung f\u00fcr Inhalte<\/strong><\/p>\n<p>Als Diensteanbieter sind wir gem\u00e4\u00df \u00a7 7 Abs.1 TMG f\u00fcr eigene Inhalte auf diesen Seiten nach den\u00a0allgemeinen Gesetzen verantwortlich. Nach \u00a7\u00a7 8 bis 10 TMG sind wir als Diensteanbieter jedoch nicht\u00a0verpflichtet, \u00fcbermittelte oder gespeicherte fremde Informationen zu \u00fcberwachen oder nach Umst\u00e4nden zu forschen, die auf eine rechtswidrige T\u00e4tigkeit hinweisen.\u00a0Verpflichtungen zur Entfernung oder Sperrung der Nutzung von Informationen nach den allgemeinen\u00a0Gesetzen bleiben hiervon unber\u00fchrt. Eine diesbez\u00fcgliche Haftung ist jedoch erst ab dem Zeitpunkt der\u00a0Kenntnis einer konkreten Rechtsverletzung m\u00f6glich. Bei Bekanntwerden von entsprechenden\u00a0Rechtsverletzungen werden wir diese Inhalte umgehend entfernen.<\/p>\n<p><strong>Haftung f\u00fcr Links<\/strong><\/p>\n<p>Unser Angebot enth\u00e4lt Links zu externen Websites Dritter, auf deren Inhalte wir keinen Einfluss haben. Deshalb k\u00f6nnen wir f\u00fcr diese fremden Inhalte auch keine Gew\u00e4hr \u00fcbernehmen. F\u00fcr die Inhalte der verlinkten Seiten ist stets der jeweilige Anbieter oder Betreiber der Seiten verantwortlich. Die verlinkten Seiten wurden zum Zeitpunkt der Verlinkung auf m\u00f6gliche Rechtsverst\u00f6\u00dfe \u00fcberpr\u00fcft. Rechtswidrige Inhalte waren zum Zeitpunkt der Verlinkung nicht erkennbar.<\/p>\n<p>Eine permanente inhaltliche Kontrolle der verlinkten Seiten ist jedoch ohne konkrete Anhaltspunkte einer Rechtsverletzung nicht zumutbar. Bei Bekanntwerden von Rechtsverletzungen werden wir derartige Links umgehend entfernen.<\/p>\n<p><strong>Urheberrecht<\/strong><\/p>\n<p>Die durch die Seitenbetreiber erstellten Inhalte und Werke auf diesen Seiten unterliegen dem deutschen Urheberrecht. Die Vervielf\u00e4ltigung, Bearbeitung, Verbreitung und jede Art der Verwertung au\u00dferhalb der Grenzen des Urheberrechtes bed\u00fcrfen der schriftlichen Zustimmung des jeweiligen Autors bzw. Erstellers. Downloads und Kopien dieser Seite sind nur f\u00fcr den privaten, nicht kommerziellen Gebrauch gestattet. Soweit die Inhalte auf dieser Seite nicht vom Betreiber erstellt wurden, werden die Urheberrechte Dritter beachtet. Insbesondere werden Inhalte Dritter als solche gekennzeichnet. Sollten Sie trotzdem auf eine Urheberrechtsverletzung aufmerksam werden, bitten wir um einen entsprechenden Hinweis. Bei Bekanntwerden von Rechtsverletzungen werden wir derartige Inhalte umgehend entfernen.<\/p>\n<h5>Beschwerde- und Schlichtungsstelle f\u00fcr Versicherungen (Ombudsmann)<\/h5>\n<p>Wir vermitteln Reiseversicherungen im Status eines erlaubnisfreien Annexvermittlers gem\u00e4\u00df \u00a734d Abs. 8 Nr.1 Gewerbeordnung (GewO).<\/p>\n<p><strong>Beschwerdestelle bei Streitigkeiten mit Versicherungsvermittlern:<\/strong><\/p>\n<p>Versicherungsombudsmann e.V.<br \/>Postfach 08 06 32,\u00a010006 Berlin<br \/><a href=\"http:\/\/www.versicherungsombudsmann.de\/\">http:\/\/www.versicherungsombudsmann.de<\/a><\/p>\n<h5><strong>Streitschlichtung<\/strong><\/h5>\n<p>Die Europ\u00e4ische Kommission stellt eine Plattform zur Online-Streitbeilegung (OS) bereit:<br \/><a href=\"https:\/\/ec.europa.eu\/consumers\/odr.\">https:\/\/ec.europa.eu\/consumers\/odr.<\/a><\/p>\n<p>Unsere E-Mail-Adresse finden Sie oben im Impressum.<\/p>\n<p>Wir sind nicht bereit oder verpflichtet, an Streitbeilegungsverfahren vor einer\u00a0Verbraucherschlichtungsstelle teilzunehmen.<\/p>\n<h5>Aufsichtsbeh\u00f6rde:<\/h5>\n<p>Landkreis Nordwestmecklenburg<br \/>Rostocker Stra\u00dfe 76<br \/>23970 Wismar<br \/><a href=\"https:\/\/www.nordwestmecklenburg.de\/\">https:\/\/www.nordwestmecklenburg.de<\/a><\/p>\n<h5>Datenschutz:<\/h5>\n<p>Hier kommen Sie direkt zu unserer\u00a0<a href=\"https:\/\/bellmado.com\/datenschutzerklarung\/\">Datenschutzerkl\u00e4rung<\/a><\/p>\n<p>\u00a0<\/p>\n<p><strong>Quelle:eRecht24<\/strong><\/p>\n\t\t\t\t\t\t\t\t<\/div>\n\t\t\t\t<\/div>\n\t\t\t\t<\/div>\n\t\t\t\t<\/div>\n\t\t","protected":false},"excerpt":{"rendered":"<p>Angaben gem\u00e4\u00df \u00a7 5 TMG Bellmado \u2013 Tourismus AgenturMaik &amp; Dorina Reschke GbRAm Wiesengrund 8423936 Neu Degtow\/Grevesm\u00fchlenDeutschland Vertreten durch die Gesellschafter: Maik Reschke und\u00a0Dorina Reschke Kontakt:Telefon: +49 (0) 3881 7585458Telefax: +49 (0) 3881 7585459E-Mail:info(at)bellmado.de Umsatzsteuer-Identifikationsnummer: DE32576843329 Betriebs-Berufshaftpflichtversicherung Allianz Versicherungs-AktiengesellschaftVS-NR.: AS-9055043589 Verantwortlich f\u00fcr den Inhalt nach \u00a7 55 Abs. 2 RStV Maik und Dorina ReschkeAm Wiesengrund [&hellip;]<\/p>\n","protected":false},"author":1,"featured_media":0,"parent":0,"menu_order":0,"comment_status":"closed","ping_status":"closed","template":"","meta":{"footnotes":""},"class_list":["post-2","page","type-page","status-publish","hentry"],"_links":{"self":[{"href":"https:\/\/sorgenfreireisen.bellmado.de\/index.php?rest_route=\/wp\/v2\/pages\/2"}],"collection":[{"href":"https:\/\/sorgenfreireisen.bellmado.de\/index.php?rest_route=\/wp\/v2\/pages"}],"about":[{"href":"https:\/\/sorgenfreireisen.bellmado.de\/index.php?rest_route=\/wp\/v2\/types\/page"}],"author":[{"embeddable":true,"href":"https:\/\/sorgenfreireisen.bellmado.de\/index.php?rest_route=\/wp\/v2\/users\/1"}],"replies":[{"embeddable":true,"href":"https:\/\/sorgenfreireisen.bellmado.de\/index.php?rest_route=%2Fwp%2Fv2%2Fcomments&post=2"}],"version-history":[{"count":10,"href":"https:\/\/sorgenfreireisen.bellmado.de\/index.php?rest_route=\/wp\/v2\/pages\/2\/revisions"}],"predecessor-version":[{"id":272,"href":"https:\/\/sorgenfreireisen.bellmado.de\/index.php?rest_route=\/wp\/v2\/pages\/2\/revisions\/272"}],"wp:attachment":[{"href":"https:\/\/sorgenfreireisen.bellmado.de\/index.php?rest_route=%2Fwp%2Fv2%2Fmedia&parent=2"}],"curies":[{"name":"wp","href":"https:\/\/api.w.org\/{rel}","templated":true}]}}